{"id":941,"date":"2022-11-18T22:14:02","date_gmt":"2022-11-18T22:14:02","guid":{"rendered":"https:\/\/beta.szantodpuszta.hu\/?page_id=941"},"modified":"2022-12-01T13:30:12","modified_gmt":"2022-12-01T13:30:12","slug":"nase-venkovni-atrakce","status":"publish","type":"page","link":"https:\/\/www.szantodpuszta.hu\/cs\/nase-venkovni-atrakce\/","title":{"rendered":"Na\u0161e venkovn\u00ed atrakce"},"content":{"rendered":"<p>[et_pb_section fb_built=&#8220;1&#8243; admin_label=&#8220;Services&#8220; _builder_version=&#8220;4.18.0&#8243; _module_preset=&#8220;default&#8220; locked=&#8220;off&#8220; collapsed=&#8220;off&#8220; global_colors_info=&#8220;{}&#8220;][et_pb_row _builder_version=&#8220;4.18.0&#8243; _module_preset=&#8220;default&#8220; global_colors_info=&#8220;{}&#8220;][et_pb_column type=&#8220;4_4&#8243; _builder_version=&#8220;4.18.0&#8243; _module_preset=&#8220;default&#8220; global_colors_info=&#8220;{}&#8220;][et_pb_post_title meta=&#8220;off&#8220; featured_image=&#8220;off&#8220; _builder_version=&#8220;4.18.1&#8243; _module_preset=&#8220;default&#8220; global_colors_info=&#8220;{}&#8220;][\/et_pb_post_title][\/et_pb_column][\/et_pb_row][et_pb_row _builder_version=&#8220;4.18.1&#8243; _module_preset=&#8220;default&#8220; global_colors_info=&#8220;{}&#8220;][et_pb_column type=&#8220;4_4&#8243; _builder_version=&#8220;4.18.1&#8243; _module_preset=&#8220;default&#8220; global_colors_info=&#8220;{}&#8220;][et_pb_text _builder_version=&#8220;4.18.1&#8243; _module_preset=&#8220;default&#8220; hover_enabled=&#8220;0&#8243; global_colors_info=&#8220;{}&#8220; sticky_enabled=&#8220;0&#8243;]<\/p>\n<p>Historick\u00e1 prezentace budov a staveb na venkovn\u00edch panelech. C\u00edlem je sezn\u00e1mit n\u00e1v\u0161t\u011bvn\u00edky s histori\u00ed a v\u00fdznamem jednotliv\u00fdch budov a jejich okol\u00ed.<\/p>\n<p>V roce 1846 byl uprost\u0159ed statku v Plo\u00f3dpuszt\u011b postaven dvou\u0159ad\u00fd ml\u00fdn na obil\u00ed o rozloze 26 hektar\u016f podle projektu J\u00f3zsefa Riglera, kter\u00fd m\u011bl v doln\u00ed \u010d\u00e1sti t\u00e9m\u011b\u0159 50 metr\u016f sloup\u016f pro \u00fakryt voz\u016f. Stoly v budov\u011b ml\u00fdna na kuku\u0159ici poskytuj\u00ed informace o kuku\u0159ici a jej\u00edm zpracov\u00e1n\u00ed, zat\u00edmco na dal\u0161\u00edch m\u00edstech se n\u00e1v\u0161t\u011bvn\u00edci mohou sezn\u00e1mit s v\u00fdznamem ud\u00edrny a pece.<\/p>\n<p>V are\u00e1lu jsou tak\u00e9 p\u0159ipraveny interaktivn\u00ed aktivity v\u010detn\u011b zaj\u00edmav\u00fdch program\u016f pro mal\u00e9 d\u011bti a pod\u00edvejte se na prvky vhodn\u00e9 pro rodiny.<\/p>\n<p>[\/et_pb_text][\/et_pb_column][\/et_pb_row][et_pb_row _builder_version=&#8220;4.18.1&#8243; _module_preset=&#8220;default&#8220; global_colors_info=&#8220;{}&#8220;][et_pb_column type=&#8220;4_4&#8243; _builder_version=&#8220;4.18.1&#8243; _module_preset=&#8220;default&#8220; global_colors_info=&#8220;{}&#8220;][et_pb_text _builder_version=&#8220;4.18.1&#8243; _module_preset=&#8220;default&#8220; header_2_text_align=&#8220;center&#8220; hover_enabled=&#8220;0&#8243; global_colors_info=&#8220;{}&#8220; sticky_enabled=&#8220;0&#8243;]<\/p>\n<h2>Funkce vhodn\u00e9 pro rodiny<\/h2>\n<p>[\/et_pb_text][\/et_pb_column][\/et_pb_row][et_pb_row column_structure=&#8220;1_2,1_2&#8243; make_equal=&#8220;on&#8220; _builder_version=&#8220;4.18.1&#8243; _module_preset=&#8220;default&#8220; custom_padding=&#8220;||0px|||&#8220; global_colors_info=&#8220;{}&#8220;][et_pb_column type=&#8220;1_2&#8243; _builder_version=&#8220;4.18.1&#8243; _module_preset=&#8220;default&#8220; custom_css_main_element=&#8220;margin:auto;&#8220; global_colors_info=&#8220;{}&#8220;][et_pb_image src=&#8220;https:\/\/szantodpuszta.hu\/wp-content\/uploads\/2022\/11\/Mezitlabas-kneipp.jpg&#8220; title_text=&#8220;Mez\u00edtl\u00e1bas (kneipp)&#8220; align=&#8220;center&#8220; _builder_version=&#8220;4.18.1&#8243; _module_preset=&#8220;default&#8220; hover_enabled=&#8220;0&#8243; global_colors_info=&#8220;{}&#8220; sticky_enabled=&#8220;0&#8243;][\/et_pb_image][\/et_pb_column][et_pb_column type=&#8220;1_2&#8243; _builder_version=&#8220;4.18.1&#8243; _module_preset=&#8220;default&#8220; custom_css_main_element=&#8220;margin:auto;&#8220; global_colors_info=&#8220;{}&#8220;][et_pb_text _builder_version=&#8220;4.18.1&#8243; _module_preset=&#8220;default&#8220; hover_enabled=&#8220;0&#8243; global_colors_info=&#8220;{}&#8220; sticky_enabled=&#8220;0&#8243;]<\/p>\n<p>Na n\u00e1dvo\u0159\u00ed bylo pro radost nejmen\u0161\u00edch vybudov\u00e1no d\u011btsk\u00e9 h\u0159i\u0161t\u011b s motivem Rostalika, v\u010detn\u011b bos\u00e9 (Kneippovy) stezky a stanovi\u0161\u0165 pro zv\u00ed\u0159\u00e1tka. Jejich c\u00edlem je sezn\u00e1mit se se surovinami a \u010dinnostmi, kter\u00e9 se odehr\u00e1vaj\u00ed na farm\u011b, a osahat si produkty.<\/p>\n<p>Barefoot stezka se o to sna\u017e\u00ed prost\u0159ednictv\u00edm stimulace reflexn\u00edch z\u00f3n chodidla, a to pomoc\u00ed materi\u00e1l\u016f zapu\u0161t\u011bn\u00fdch do zem\u011b.<\/p>\n<p>[\/et_pb_text][\/et_pb_column][\/et_pb_row][et_pb_row _builder_version=&#8220;4.18.1&#8243; _module_preset=&#8220;default&#8220; global_colors_info=&#8220;{}&#8220;][et_pb_column type=&#8220;4_4&#8243; _builder_version=&#8220;4.18.1&#8243; _module_preset=&#8220;default&#8220; global_colors_info=&#8220;{}&#8220;][et_pb_text _builder_version=&#8220;4.18.1&#8243; _module_preset=&#8220;default&#8220; hover_enabled=&#8220;0&#8243; global_colors_info=&#8220;{}&#8220; sticky_enabled=&#8220;0&#8243;]<\/p>\n<p>St\u0159\u00edd\u00e1 tvrd\u0161\u00ed a m\u011bk\u010d\u00ed materi\u00e1ly. Dotykov\u00e9 stanice jsou p\u0159\u00edjemn\u00fdm z\u00e1\u017eitkem pro osoby se zdravotn\u00edm posti\u017een\u00edm. Stezka je ur\u010dena nejen lidem, kte\u0159\u00ed nec\u00edt\u00ed nohama, ale tak\u00e9 zrakov\u011b posti\u017een\u00fdm: n\u00e1zvy stanic jsou vedle latinky v ma\u010far\u0161tin\u011b naps\u00e1ny Braillov\u00fdm p\u00edsmem.<\/p>\n<ul>\n<li>Tematick\u00e9 h\u0159i\u0161t\u011b<\/li>\n<li>Kneippova stezka<\/li>\n<li>\u010cajov\u00e1 zahrada<\/li>\n<li>Pokoj pro maminku s d\u00edt\u011btem<\/li>\n<\/ul>\n<p>[\/et_pb_text][\/et_pb_column][\/et_pb_row][et_pb_row _builder_version=&#8220;4.18.1&#8243; _module_preset=&#8220;default&#8220; global_colors_info=&#8220;{}&#8220;][et_pb_column type=&#8220;4_4&#8243; _builder_version=&#8220;4.18.1&#8243; _module_preset=&#8220;default&#8220; global_colors_info=&#8220;{}&#8220;][et_pb_text _builder_version=&#8220;4.18.1&#8243; _module_preset=&#8220;default&#8220; header_2_text_align=&#8220;center&#8220; hover_enabled=&#8220;0&#8243; global_colors_info=&#8220;{}&#8220; sticky_enabled=&#8220;0&#8243;]<\/p>\n<h2>Majors\u00e1g jako m\u00edsto kon\u00e1n\u00ed akc\u00ed<\/h2>\n<p>[\/et_pb_text][\/et_pb_column][\/et_pb_row][et_pb_row column_structure=&#8220;2_5,3_5&#8243; make_equal=&#8220;on&#8220; _builder_version=&#8220;4.18.1&#8243; _module_preset=&#8220;default&#8220; custom_padding=&#8220;||0px|||&#8220; global_colors_info=&#8220;{}&#8220;][et_pb_column type=&#8220;2_5&#8243; _builder_version=&#8220;4.18.1&#8243; _module_preset=&#8220;default&#8220; custom_css_main_element=&#8220;margin:auto;&#8220; global_colors_info=&#8220;{}&#8220;][et_pb_image src=&#8220;https:\/\/szantodpuszta.hu\/wp-content\/uploads\/2022\/11\/pajta.jpeg&#8220; title_text=&#8220;pajta&#8220; align=&#8220;center&#8220; _builder_version=&#8220;4.18.1&#8243; _module_preset=&#8220;default&#8220; global_colors_info=&#8220;{}&#8220;][\/et_pb_image][\/et_pb_column][et_pb_column type=&#8220;3_5&#8243; _builder_version=&#8220;4.18.1&#8243; _module_preset=&#8220;default&#8220; custom_css_main_element=&#8220;margin:auto;&#8220; global_colors_info=&#8220;{}&#8220;][et_pb_text _builder_version=&#8220;4.18.1&#8243; _module_preset=&#8220;default&#8220; hover_enabled=&#8220;0&#8243; global_colors_info=&#8220;{}&#8220; sticky_enabled=&#8220;0&#8243;]<\/p>\n<p>Tradi\u010dn\u00ed slavnostn\u00ed akce jsou ve m\u011bst\u011b a jeho okol\u00ed velmi obl\u00edben\u00e9 a nab\u00edz\u00ed \u0159adu venkovn\u00edch aktivit pro v\u0161echny v\u011bkov\u00e9 kategorie. Sz\u00e1nt\u00f3dpuszta a n\u011bkter\u00e9 budovy a prostory Majors\u00e1gu jsou zvl\u00e1\u0161tn\u00edm m\u00edstem pro akce, kter\u00e9 p\u0159ipom\u00ednaj\u00ed lidov\u00e9 tradice a venkovsk\u00fd \u017eivot.<\/p>\n<p>V budoucnu budou r\u016fzn\u00e9 programy organizov\u00e1ny podle p\u0159edem stanoven\u00e9ho ro\u010dn\u00edho t\u00e9matu, kter\u00e9 bude zve\u0159ejn\u011bno na na\u0161ich webov\u00fdch str\u00e1nk\u00e1ch.<\/p>\n<ul>\n<li>J\u00edzd\u00e1rna, plo\u0161iny, tribuny<\/li>\n<li>Stodola, kov\u00e1\u0159sk\u00e1 a \u017eelez\u00e1\u0159sk\u00e1 d\u00edlna<\/li>\n<\/ul>\n<p>[\/et_pb_text][\/et_pb_column][\/et_pb_row][\/et_pb_section]<\/p>\n","protected":false},"excerpt":{"rendered":"<p>Historick\u00e1 prezentace budov a staveb na venkovn\u00edch panelech. C\u00edlem je sezn\u00e1mit n\u00e1v\u0161t\u011bvn\u00edky s histori\u00ed a v\u00fdznamem jednotliv\u00fdch budov a jejich okol\u00ed. V roce 1846 byl uprost\u0159ed statku v Plo\u00f3dpuszt\u011b postaven dvou\u0159ad\u00fd ml\u00fdn na obil\u00ed o rozloze 26 hektar\u016f podle projektu J\u00f3zsefa Riglera, kter\u00fd m\u011bl v doln\u00ed \u010d\u00e1sti t\u00e9m\u011b\u0159 50 metr\u016f sloup\u016f pro \u00fakryt voz\u016f. Stoly [&hellip;]<\/p>\n","protected":false},"author":2,"featured_media":0,"parent":0,"menu_order":0,"comment_status":"closed","ping_status":"closed","template":"","meta":{"_et_pb_use_builder":"on","_et_pb_old_content":"<p>[et_pb_section fb_built=\"1\" admin_label=\"Services\" _builder_version=\"4.18.0\" _module_preset=\"default\" locked=\"off\" collapsed=\"off\" global_colors_info=\"{}\"][et_pb_row _builder_version=\"4.18.0\" _module_preset=\"default\" global_colors_info=\"{}\"][et_pb_column type=\"4_4\" _builder_version=\"4.18.0\" _module_preset=\"default\" global_colors_info=\"{}\"][et_pb_post_title meta=\"off\" featured_image=\"off\" _builder_version=\"4.18.1\" _module_preset=\"default\" global_colors_info=\"{}\"][\/et_pb_post_title][\/et_pb_column][\/et_pb_row][et_pb_row _builder_version=\"4.18.1\" _module_preset=\"default\" global_colors_info=\"{}\"][et_pb_column type=\"4_4\" _builder_version=\"4.18.1\" _module_preset=\"default\" global_colors_info=\"{}\"][et_pb_text _builder_version=\"4.18.1\" _module_preset=\"default\" hover_enabled=\"0\" global_colors_info=\"{}\" sticky_enabled=\"0\"]<\/p><p>Az \u00e9p\u00fcletek \u00e9s \u00e9p\u00edtm\u00e9nyek t\u00f6rt\u00e9neti bemutat\u00e1sa val\u00f3sul meg k\u00fclt\u00e9ri tabl\u00f3kon. C\u00e9l, hogy az egyes \u00e9p\u00fcletek \u00e9s azok\u00a0 k\u00f6rnyezet\u00e9nek t\u00f6rt\u00e9neteivel, akkori jelent\u0151s\u00e9geikkel tal\u00e1lkozhassanak vend\u00e9geink.<\/p><p>1846-ban \u00e9p\u00edtett\u00e9k fel a Rigler J\u00f3zsef tervezte sz\u00e1nt\u00f3dpusztai majors\u00e1g k\u00f6zep\u00e9n \u00e1ll\u00f3 26 \u00f6l hossz\u00fa, k\u00e9tsoros kukoricag\u00f3r\u00e9t, amelynek als\u00f3 r\u00e9sz\u00e9n a k\u00f6zel \u00f6tven m\u00e9ternyi oszlopk\u00f6z\u00f6k szekereknek adtak v\u00e9delmet. A Kukoricag\u00f3r\u00e9 \u00e9p\u00fclet\u00e9n\u00e9l l\u00e9v\u0151 tabl\u00f3kon t\u00f6bbek k\u00f6z\u00f6tt a kukoric\u00e1val, illetve annak feldolgoz\u00e1s\u00e1val kapcsolatos ismeretekre tehetnek szert, m\u00e1s helysz\u00ednen ak\u00e1r a f\u00fcst\u00f6l\u0151 \u00e9s kemence jelent\u0151s\u00e9g\u00e9be is betekint\u00e9st nyerhetnek az l\u00e1togat\u00f3k.<\/p><p>A ter\u00fcleten interakt\u00edv, a kisgyermekek sz\u00e1m\u00e1ra is izgalmas programok val\u00f3sultak meg, n\u00e9zd meg milyen csal\u00e1dbar\u00e1t\u00a0 funkci\u00f3kkal v\u00e1rjuk az ide\u00e9rkez\u0151ket.<\/p><p>[\/et_pb_text][\/et_pb_column][\/et_pb_row][et_pb_row _builder_version=\"4.18.1\" _module_preset=\"default\" global_colors_info=\"{}\"][et_pb_column type=\"4_4\" _builder_version=\"4.18.1\" _module_preset=\"default\" global_colors_info=\"{}\"][et_pb_text _builder_version=\"4.18.1\" _module_preset=\"default\" header_2_text_align=\"center\" global_colors_info=\"{}\"]<\/p><h2>Csal\u00e1dbar\u00e1t funkci\u00f3k<\/h2><p>[\/et_pb_text][\/et_pb_column][\/et_pb_row][et_pb_row _builder_version=\"4.18.1\" _module_preset=\"default\" hover_enabled=\"0\" global_colors_info=\"{}\" column_structure=\"1_2,1_2\" make_equal=\"on\" sticky_enabled=\"0\" custom_padding=\"||0px|||\"][et_pb_column type=\"1_2\" _builder_version=\"4.18.1\" _module_preset=\"default\" hover_enabled=\"0\" global_colors_info=\"{}\" custom_css_main_element=\"margin:auto;\" sticky_enabled=\"0\"][et_pb_image src=\"https:\/\/szantodpuszta.hu\/wp-content\/uploads\/2022\/11\/Mezitlabas-kneipp.jpg\" title_text=\"Mez\u00edtl\u00e1bas (kneipp)\" _builder_version=\"4.18.1\" _module_preset=\"default\" hover_enabled=\"0\" global_colors_info=\"{}\" align=\"center\" sticky_enabled=\"0\"][\/et_pb_image][\/et_pb_column][et_pb_column type=\"1_2\" _builder_version=\"4.18.1\" _module_preset=\"default\" hover_enabled=\"0\" global_colors_info=\"{}\" custom_css_main_element=\"margin:auto;\" sticky_enabled=\"0\"][et_pb_text _builder_version=\"4.18.1\" _module_preset=\"default\" hover_enabled=\"0\" sticky_enabled=\"0\"]<\/p><p>Az udvaron a legkisebbek legnagyobb \u00f6r\u00f6m\u00e9re meg\u00e9p\u00fclt Rostalika tematik\u00e1j\u00fa j\u00e1tsz\u00f3ter\u00fcnk, melynek r\u00e9sz\u00e9t k\u00e9pezi a mez\u00edtl\u00e1bas (\u00fan. Kneipp) \u00f6sv\u00e9ny \u00e9s a tapogat\u00f3 \u00e1llom\u00e1sok is. Ezek c\u00e9lja a majors\u00e1gi \u00e9let sor\u00e1n el\u0151fordul\u00f3 alapanyagok, tev\u00e9kenys\u00e9gek megismer\u00e9se, term\u00e9kek \u00e9rint\u00e9se, tapint\u00e1sa.<\/p><p>Mez\u00edtl\u00e1bas tapos\u00f3 \u00f6sv\u00e9ny mindezt a talp reflexi\u00f3s z\u00f3n\u00e1inak ingerl\u00e9s\u00e9n<br \/>kereszt\u00fcl igyekszik megismertetni, a talajba s\u00fcllyesztett anyagok<br \/>seg\u00edts\u00e9g\u00e9vel.<\/p><p>[\/et_pb_text][\/et_pb_column][\/et_pb_row][et_pb_row _builder_version=\"4.18.1\" _module_preset=\"default\"][et_pb_column _builder_version=\"4.18.1\" _module_preset=\"default\" type=\"4_4\"][et_pb_text _builder_version=\"4.18.1\" _module_preset=\"default\" hover_enabled=\"0\" sticky_enabled=\"0\"]<\/p><p>Benne szil\u00e1rdabb \u00e9s puh\u00e1bb anyagok v\u00e1ltakozva ker\u00fcltek elhelyez\u00e9sre. A tapogat\u00f3 \u00e1llom\u00e1sok a fogyat\u00e9kkal \u00e9l\u0151k sz\u00e1m\u00e1ra is \u00e9lvezhet\u0151 \u00e9lm\u00e9nyt ny\u00fajtanak. A tapogat\u00f3 \u00f6sv\u00e9ny nemcsak azok sz\u00e1m\u00e1ra \u00e9p\u00fcl, akik talpukkal nem tudnak \u00e9rz\u00e9kelni, hanem a l\u00e1t\u00e1ss\u00e9r\u00fcltek sz\u00e1m\u00e1ra is: az egyes \u00e1llom\u00e1sok nevei a latin bet\u0171s, magyar nyelv\u0171 felirat mellett, Braille-\u00edr\u00e1sos t\u00e1bl\u00e1csk\u00e1val is ell\u00e1tottak.<\/p><p>\u00a0<\/p><ul><li>Tematikus j\u00e1tsz\u00f3t\u00e9r<\/li><li>Kneipp \u00f6sv\u00e9ny<\/li><li>Te\u00e1z\u00f3kert<\/li><li>Baba-mama szoba<\/li><\/ul><p>[\/et_pb_text][\/et_pb_column][\/et_pb_row][et_pb_row _builder_version=\"4.18.1\" _module_preset=\"default\" global_colors_info=\"{}\"][et_pb_column type=\"4_4\" _builder_version=\"4.18.1\" _module_preset=\"default\" global_colors_info=\"{}\"][et_pb_text _builder_version=\"4.18.1\" _module_preset=\"default\" header_2_text_align=\"center\" hover_enabled=\"0\" global_colors_info=\"{}\" sticky_enabled=\"0\"]<\/p><h2>Majors\u00e1g, mint rendezv\u00e9nyhelysz\u00edn<\/h2><p>[\/et_pb_text][\/et_pb_column][\/et_pb_row][et_pb_row _builder_version=\"4.18.1\" _module_preset=\"default\" hover_enabled=\"0\" global_colors_info=\"{}\" column_structure=\"2_5,3_5\" make_equal=\"on\" sticky_enabled=\"0\" custom_padding=\"||0px|||\"][et_pb_column type=\"2_5\" _builder_version=\"4.18.1\" _module_preset=\"default\" hover_enabled=\"0\" global_colors_info=\"{}\" custom_css_main_element=\"margin:auto;\" sticky_enabled=\"0\"][et_pb_image src=\"https:\/\/szantodpuszta.hu\/wp-content\/uploads\/2022\/11\/pajta.jpeg\" title_text=\"pajta\" _builder_version=\"4.18.1\" _module_preset=\"default\" hover_enabled=\"0\" global_colors_info=\"{}\" align=\"center\" sticky_enabled=\"0\"][\/et_pb_image][\/et_pb_column][et_pb_column type=\"3_5\" _builder_version=\"4.18.1\" _module_preset=\"default\" hover_enabled=\"0\" global_colors_info=\"{}\" custom_css_main_element=\"margin:auto;\" sticky_enabled=\"0\"][et_pb_text _builder_version=\"4.18.1\" _module_preset=\"default\" hover_enabled=\"0\" sticky_enabled=\"0\"]<\/p><p>A telep\u00fcl\u00e9sen \u00e9s k\u00f6rny\u00e9k\u00e9n nagy n\u00e9pszer\u0171s\u00e9gnek \u00f6rvendenek a hagyom\u00e1nyos \u00fcnnepi rendezv\u00e9nyek, ahol k\u00fcl\u00f6nb\u00f6z\u0151 szabadt\u00e9ri programokkal v\u00e1rnak minden koroszt\u00e1lyt. Sz\u00e1nt\u00f3dpuszta, illetve a Majors\u00e1g egyes \u00e9p\u00fcletei \u00e9s ter\u00fcletei k\u00fcl\u00f6nleges helysz\u00edn\u00e9\u00fcl szolg\u00e1lnak a n\u00e9pi hagyom\u00e1nyokat \u00e9s a vid\u00e9ki \u00e9letet megid\u00e9z\u0151 esem\u00e9nyeknek. A j\u00f6v\u0151ben el\u0151re meghat\u00e1rozott, \u00e9ves tematika szerint<br \/>ker\u00fclnek megszervez\u00e9sre k\u00fcl\u00f6nb\u00f6z\u0151 programok, melyekr\u0151l oldalunkon folyamatos t\u00e1j\u00e9koztat\u00e1st adunk.<\/p><p>\u00a0<\/p><ul><li>Lovasp\u00e1lya, emelv\u00e9nyek, lel\u00e1t\u00f3k<\/li><li>Pajta, kov\u00e1cs- \u00e9s bogn\u00e1rm\u0171hely<\/li><\/ul><p>[\/et_pb_text][\/et_pb_column][\/et_pb_row][\/et_pb_section]<\/p>","_et_gb_content_width":"","footnotes":""},"class_list":["post-941","page","type-page","status-publish","hentry"],"_links":{"self":[{"href":"https:\/\/www.szantodpuszta.hu\/cs\/wp-json\/wp\/v2\/pages\/941","targetHints":{"allow":["GET"]}}],"collection":[{"href":"https:\/\/www.szantodpuszta.hu\/cs\/wp-json\/wp\/v2\/pages"}],"about":[{"href":"https:\/\/www.szantodpuszta.hu\/cs\/wp-json\/wp\/v2\/types\/page"}],"author":[{"embeddable":true,"href":"https:\/\/www.szantodpuszta.hu\/cs\/wp-json\/wp\/v2\/users\/2"}],"replies":[{"embeddable":true,"href":"https:\/\/www.szantodpuszta.hu\/cs\/wp-json\/wp\/v2\/comments?post=941"}],"version-history":[{"count":5,"href":"https:\/\/www.szantodpuszta.hu\/cs\/wp-json\/wp\/v2\/pages\/941\/revisions"}],"predecessor-version":[{"id":948,"href":"https:\/\/www.szantodpuszta.hu\/cs\/wp-json\/wp\/v2\/pages\/941\/revisions\/948"}],"wp:attachment":[{"href":"https:\/\/www.szantodpuszta.hu\/cs\/wp-json\/wp\/v2\/media?parent=941"}],"curies":[{"name":"wp","href":"https:\/\/api.w.org\/{rel}","templated":true}]}}