{"id":953,"date":"2022-11-07T18:10:57","date_gmt":"2022-11-07T18:10:57","guid":{"rendered":"https:\/\/beta.szantodpuszta.hu\/?page_id=953"},"modified":"2023-04-06T12:03:26","modified_gmt":"2023-04-06T12:03:26","slug":"oteviraci-doba","status":"publish","type":"page","link":"https:\/\/www.szantodpuszta.hu\/cs\/oteviraci-doba\/","title":{"rendered":"Otev\u00edrac\u00ed doba"},"content":{"rendered":"<p>[et_pb_section fb_built=&#8220;1&#8243; admin_label=&#8220;Services&#8220; _builder_version=&#8220;4.18.0&#8243; _module_preset=&#8220;default&#8220; locked=&#8220;off&#8220; collapsed=&#8220;off&#8220; global_colors_info=&#8220;{}&#8220;][et_pb_row _builder_version=&#8220;4.18.0&#8243; _module_preset=&#8220;default&#8220; global_colors_info=&#8220;{}&#8220;][et_pb_column type=&#8220;4_4&#8243; _builder_version=&#8220;4.18.0&#8243; _module_preset=&#8220;default&#8220; global_colors_info=&#8220;{}&#8220;][et_pb_post_title meta=&#8220;off&#8220; featured_image=&#8220;off&#8220; _builder_version=&#8220;4.18.1&#8243; _module_preset=&#8220;default&#8220; global_colors_info=&#8220;{}&#8220;][\/et_pb_post_title][\/et_pb_column][\/et_pb_row][et_pb_row column_structure=&#8220;1_4,1_2,1_4&#8243; _builder_version=&#8220;4.18.1&#8243; _module_preset=&#8220;default&#8220; global_colors_info=&#8220;{}&#8220;][et_pb_column type=&#8220;1_4&#8243; _builder_version=&#8220;4.18.1&#8243; _module_preset=&#8220;default&#8220; global_colors_info=&#8220;{}&#8220;][\/et_pb_column][et_pb_column type=&#8220;1_2&#8243; _builder_version=&#8220;4.18.1&#8243; _module_preset=&#8220;default&#8220; global_colors_info=&#8220;{}&#8220;][et_pb_text _builder_version=&#8220;4.19.2&#8243; _module_preset=&#8220;default&#8220; hover_enabled=&#8220;0&#8243; global_colors_info=&#8220;{}&#8220; sticky_enabled=&#8220;0&#8243;]<\/p>\n<h2 style=\"text-align: center;\"><\/h2>\n<h2 style=\"text-align: center;\">Do\u010dasn\u011b zav\u0159eno<\/h2>\n<p>[\/et_pb_text][\/et_pb_column][et_pb_column type=&#8220;1_4&#8243; _builder_version=&#8220;4.18.1&#8243; _module_preset=&#8220;default&#8220; global_colors_info=&#8220;{}&#8220;][\/et_pb_column][\/et_pb_row][\/et_pb_section]<\/p>\n","protected":false},"excerpt":{"rendered":"<p>Do\u010dasn\u011b zav\u0159eno<\/p>\n","protected":false},"author":2,"featured_media":0,"parent":0,"menu_order":0,"comment_status":"closed","ping_status":"closed","template":"","meta":{"_et_pb_use_builder":"on","_et_pb_old_content":"<p>[et_pb_section fb_built=\"1\" admin_label=\"Services\" _builder_version=\"4.18.0\" _module_preset=\"default\" locked=\"off\" collapsed=\"off\" global_colors_info=\"{}\"][et_pb_row _builder_version=\"4.18.0\" _module_preset=\"default\" global_colors_info=\"{}\"][et_pb_column type=\"4_4\" _builder_version=\"4.18.0\" _module_preset=\"default\" global_colors_info=\"{}\"][et_pb_post_title meta=\"off\" featured_image=\"off\" _builder_version=\"4.18.1\" _module_preset=\"default\" global_colors_info=\"{}\"][\/et_pb_post_title][\/et_pb_column][\/et_pb_row][et_pb_row _builder_version=\"4.18.1\" _module_preset=\"default\" column_structure=\"1_4,1_2,1_4\"][et_pb_column _builder_version=\"4.18.1\" _module_preset=\"default\" type=\"1_4\"][\/et_pb_column][et_pb_column _builder_version=\"4.18.1\" _module_preset=\"default\" type=\"1_2\"][et_pb_text _builder_version=\"4.18.1\" _module_preset=\"default\" hover_enabled=\"0\" sticky_enabled=\"0\"]<\/p><table style=\"border-collapse: collapse; width: 100%;\" border=\"1\"><tbody><tr><td>h\u00e9tf\u0151<\/td><td>10:00-17:00<\/td><\/tr><tr><td>kedd<\/td><td>Z\u00e1rva<\/td><\/tr><tr><td>szerda<\/td><td>Z\u00e1rva<\/td><\/tr><tr><td>cs\u00fct\u00f6rt\u00f6k<\/td><td>Z\u00e1rva<\/td><\/tr><tr><td>p\u00e9ntek<\/td><td>Z\u00e1rva<\/td><\/tr><tr><td>szombat<\/td><td>10:00-17:00<\/td><\/tr><tr><td>vas\u00e1rnap<\/td><td>Z\u00e1rva<\/td><\/tr><\/tbody><\/table><p>[\/et_pb_text][\/et_pb_column][et_pb_column _builder_version=\"4.18.1\" _module_preset=\"default\" type=\"1_4\"][\/et_pb_column][\/et_pb_row][\/et_pb_section]<\/p>","_et_gb_content_width":"","footnotes":""},"class_list":["post-953","page","type-page","status-publish","hentry"],"_links":{"self":[{"href":"https:\/\/www.szantodpuszta.hu\/cs\/wp-json\/wp\/v2\/pages\/953","targetHints":{"allow":["GET"]}}],"collection":[{"href":"https:\/\/www.szantodpuszta.hu\/cs\/wp-json\/wp\/v2\/pages"}],"about":[{"href":"https:\/\/www.szantodpuszta.hu\/cs\/wp-json\/wp\/v2\/types\/page"}],"author":[{"embeddable":true,"href":"https:\/\/www.szantodpuszta.hu\/cs\/wp-json\/wp\/v2\/users\/2"}],"replies":[{"embeddable":true,"href":"https:\/\/www.szantodpuszta.hu\/cs\/wp-json\/wp\/v2\/comments?post=953"}],"version-history":[{"count":7,"href":"https:\/\/www.szantodpuszta.hu\/cs\/wp-json\/wp\/v2\/pages\/953\/revisions"}],"predecessor-version":[{"id":1384,"href":"https:\/\/www.szantodpuszta.hu\/cs\/wp-json\/wp\/v2\/pages\/953\/revisions\/1384"}],"wp:attachment":[{"href":"https:\/\/www.szantodpuszta.hu\/cs\/wp-json\/wp\/v2\/media?parent=953"}],"curies":[{"name":"wp","href":"https:\/\/api.w.org\/{rel}","templated":true}]}}