{"id":1294,"date":"2022-11-08T11:03:42","date_gmt":"2022-11-08T11:03:42","guid":{"rendered":"https:\/\/www.szantodpuszta.hu\/?page_id=1294"},"modified":"2023-08-18T15:41:59","modified_gmt":"2023-08-18T15:41:59","slug":"welcome-to-our-website","status":"publish","type":"page","link":"https:\/\/www.szantodpuszta.hu\/en\/welcome-to-our-website\/","title":{"rendered":"Welcome to our website"},"content":{"rendered":"<p>[et_pb_section fb_built=&#8221;1&#8243; admin_label=&#8221;Services&#8221; _builder_version=&#8221;4.18.0&#8243; _module_preset=&#8221;default&#8221; locked=&#8221;off&#8221; collapsed=&#8221;off&#8221; global_colors_info=&#8221;{}&#8221;][et_pb_row _builder_version=&#8221;4.18.0&#8243; _module_preset=&#8221;default&#8221; global_colors_info=&#8221;{}&#8221;][et_pb_column type=&#8221;4_4&#8243; _builder_version=&#8221;4.18.0&#8243; _module_preset=&#8221;default&#8221; global_colors_info=&#8221;{}&#8221;][et_pb_post_title meta=&#8221;off&#8221; featured_image=&#8221;off&#8221; _builder_version=&#8221;4.18.1&#8243; _module_preset=&#8221;default&#8221; global_colors_info=&#8221;{}&#8221;][\/et_pb_post_title][et_pb_text _builder_version=&#8221;4.22.0&#8243; _module_preset=&#8221;default&#8221; hover_enabled=&#8221;0&#8243; global_colors_info=&#8221;{}&#8221; sticky_enabled=&#8221;0&#8243;]<\/p>\n<p>The &#8220;living manor&#8221; presents the daily life of the manor from the 19th century. In addition to the interactive exhibitions, an unique themed playground, a Kneipp path and a teagarden await visitors. The barn and the renewed horse riding court works as event space, in the M\u00e9nescs\u00e1rda there is a souvenir shop and in the \u00d6regcs\u00e1rda a buffet was built. The guests can meet horses and other animals in the pony- and horse stable.<\/p>\n<p>[\/et_pb_text][\/et_pb_column][\/et_pb_row][et_pb_row column_structure=&#8221;1_4,1_4,1_4,1_4&#8243; _builder_version=&#8221;4.18.1&#8243; _module_preset=&#8221;default&#8221; global_colors_info=&#8221;{}&#8221;][et_pb_column type=&#8221;1_4&#8243; _builder_version=&#8221;4.18.1&#8243; _module_preset=&#8221;default&#8221; global_colors_info=&#8221;{}&#8221;][et_pb_blurb title=&#8221;Exhibitions&#8221; use_icon=&#8221;on&#8221; font_icon=&#8221;&#xf06e;||fa||400&#8243; _builder_version=&#8221;4.19.2&#8243; _module_preset=&#8221;default&#8221; text_orientation=&#8221;center&#8221; animation=&#8221;off&#8221; link_option_url=&#8221;\/en\/exhibitions\/&#8221; global_colors_info=&#8221;{}&#8221;][\/et_pb_blurb][\/et_pb_column][et_pb_column type=&#8221;1_4&#8243; _builder_version=&#8221;4.18.1&#8243; _module_preset=&#8221;default&#8221; global_colors_info=&#8221;{}&#8221;][et_pb_blurb title=&#8221;Tickets&#8221; use_icon=&#8221;on&#8221; font_icon=&#8221;&#xf3ff;||fa||900&#8243; _builder_version=&#8221;4.19.2&#8243; _module_preset=&#8221;default&#8221; text_orientation=&#8221;center&#8221; animation=&#8221;off&#8221; link_option_url=&#8221;\/en\/tickets\/&#8221; global_colors_info=&#8221;{}&#8221;][\/et_pb_blurb][\/et_pb_column][et_pb_column type=&#8221;1_4&#8243; _builder_version=&#8221;4.18.1&#8243; _module_preset=&#8221;default&#8221; global_colors_info=&#8221;{}&#8221;][et_pb_blurb title=&#8221;Opening hours&#8221; use_icon=&#8221;on&#8221; font_icon=&#8221;&#xf3c1;||fa||900&#8243; _builder_version=&#8221;4.19.2&#8243; _module_preset=&#8221;default&#8221; text_orientation=&#8221;center&#8221; animation=&#8221;off&#8221; link_option_url=&#8221;\/en\/opening-hours\/&#8221; global_colors_info=&#8221;{}&#8221;][\/et_pb_blurb][\/et_pb_column][et_pb_column type=&#8221;1_4&#8243; _builder_version=&#8221;4.18.1&#8243; _module_preset=&#8221;default&#8221; global_colors_info=&#8221;{}&#8221;][et_pb_blurb title=&#8221;Here we are&#8221; use_icon=&#8221;on&#8221; font_icon=&#8221;&#xf5a0;||fa||900&#8243; _builder_version=&#8221;4.19.2&#8243; _module_preset=&#8221;default&#8221; text_orientation=&#8221;center&#8221; animation=&#8221;off&#8221; link_option_url=&#8221;\/en\/here-we-are\/&#8221; global_colors_info=&#8221;{}&#8221;][\/et_pb_blurb][\/et_pb_column][\/et_pb_row][\/et_pb_section]<\/p>\n","protected":false},"excerpt":{"rendered":"<p>The &#8220;living manor&#8221; presents the daily life of the manor from the 19th century. In addition to the interactive exhibitions, an unique themed playground, a Kneipp path and a teagarden await visitors. The barn and the renewed horse riding court works as event space, in the M\u00e9nescs\u00e1rda there is a souvenir shop and in the [&hellip;]<\/p>\n","protected":false},"author":2,"featured_media":0,"parent":0,"menu_order":0,"comment_status":"closed","ping_status":"closed","template":"","meta":{"_et_pb_use_builder":"on","_et_pb_old_content":"[et_pb_section fb_built=\"1\" admin_label=\"Services\" _builder_version=\"4.18.0\" _module_preset=\"default\" locked=\"off\" collapsed=\"off\" global_colors_info=\"{}\"][et_pb_row _builder_version=\"4.18.0\" _module_preset=\"default\" global_colors_info=\"{}\"][et_pb_column type=\"4_4\" _builder_version=\"4.18.0\" _module_preset=\"default\" global_colors_info=\"{}\"][et_pb_post_title meta=\"off\" featured_image=\"off\" _builder_version=\"4.18.1\" _module_preset=\"default\" hover_enabled=\"0\" global_colors_info=\"{}\" sticky_enabled=\"0\"][\/et_pb_post_title][et_pb_text _builder_version=\"4.18.1\" _module_preset=\"default\" hover_enabled=\"0\" sticky_enabled=\"0\"]<p>Az \u201e\u00e9l\u0151 major\u201d a 19. sz\u00e1zadi majors\u00e1gi \u00e9let mindennapjait mutatja be. Az interakt\u00edv ki\u00e1ll\u00edt\u00e1sok mellett egyed\u00fcl\u00e1ll\u00f3 tematikus j\u00e1tsz\u00f3t\u00e9r, Kneipp \u00f6sv\u00e9ny, te\u00e1z\u00f3kert v\u00e1rja a l\u00e1togat\u00f3kat. A Pajta \u00e9p\u00fclete, valamint a fel\u00faj\u00edtott lovasp\u00e1lya rendezv\u00e9nyt\u00e9rk\u00e9nt m\u0171k\u00f6dik, a M\u00e9nescs\u00e1rda \u00e9p\u00fclet\u00e9ben aj\u00e1nd\u00e9kbolt, az \u00d6regcs\u00e1rd\u00e1ban pedig b\u00fcf\u00e9 ker\u00fclt kialak\u00edt\u00e1sra. A L\u00f3ist\u00e1ll\u00f3 \u00e9s a P\u00f3niist\u00e1ll\u00f3 \u00e9p\u00fclet\u00e9ben lovakkal, valamint egy\u00e9b majors\u00e1gi \u00e1llatokkal tal\u00e1lkozhatnak az \u00e9rdekl\u0151d\u0151k. <\/p>[\/et_pb_text][\/et_pb_column][\/et_pb_row][et_pb_row column_structure=\"1_4,1_4,1_4,1_4\" _builder_version=\"4.18.1\" _module_preset=\"default\" global_colors_info=\"{}\"][et_pb_column type=\"1_4\" _builder_version=\"4.18.1\" _module_preset=\"default\" global_colors_info=\"{}\"][et_pb_blurb title=\"Ki\u00e1ll\u00edt\u00e1sok\" use_icon=\"on\" font_icon=\"\uf06e||fa||400\" _builder_version=\"4.18.1\" _module_preset=\"default\" text_orientation=\"center\" animation=\"off\" link_option_url=\"\/kiallitasok\" global_colors_info=\"{}\"][\/et_pb_blurb][\/et_pb_column][et_pb_column type=\"1_4\" _builder_version=\"4.18.1\" _module_preset=\"default\" global_colors_info=\"{}\"][et_pb_blurb title=\"Jegyek\" use_icon=\"on\" font_icon=\"\uf3ff||fa||900\" _builder_version=\"4.18.1\" _module_preset=\"default\" text_orientation=\"center\" animation=\"off\" link_option_url=\"\/jegyek\" global_colors_info=\"{}\"][\/et_pb_blurb][\/et_pb_column][et_pb_column type=\"1_4\" _builder_version=\"4.18.1\" _module_preset=\"default\" global_colors_info=\"{}\"][et_pb_blurb title=\"Nyitvatart\u00e1s\" use_icon=\"on\" font_icon=\"\uf3c1||fa||900\" _builder_version=\"4.18.1\" _module_preset=\"default\" text_orientation=\"center\" animation=\"off\" link_option_url=\"\/nyitvatartas\" global_colors_info=\"{}\"][\/et_pb_blurb][\/et_pb_column][et_pb_column type=\"1_4\" _builder_version=\"4.18.1\" _module_preset=\"default\" global_colors_info=\"{}\"][et_pb_blurb title=\"Megk\u00f6zel\u00edt\u00e9s\" use_icon=\"on\" font_icon=\"\uf5a0||fa||900\" _builder_version=\"4.18.1\" _module_preset=\"default\" text_orientation=\"center\" animation=\"off\" link_option_url=\"\/megkozelites\" global_colors_info=\"{}\"][\/et_pb_blurb][\/et_pb_column][\/et_pb_row][\/et_pb_section]","_et_gb_content_width":"","footnotes":""},"class_list":["post-1294","page","type-page","status-publish","hentry"],"_links":{"self":[{"href":"https:\/\/www.szantodpuszta.hu\/en\/wp-json\/wp\/v2\/pages\/1294","targetHints":{"allow":["GET"]}}],"collection":[{"href":"https:\/\/www.szantodpuszta.hu\/en\/wp-json\/wp\/v2\/pages"}],"about":[{"href":"https:\/\/www.szantodpuszta.hu\/en\/wp-json\/wp\/v2\/types\/page"}],"author":[{"embeddable":true,"href":"https:\/\/www.szantodpuszta.hu\/en\/wp-json\/wp\/v2\/users\/2"}],"replies":[{"embeddable":true,"href":"https:\/\/www.szantodpuszta.hu\/en\/wp-json\/wp\/v2\/comments?post=1294"}],"version-history":[{"count":6,"href":"https:\/\/www.szantodpuszta.hu\/en\/wp-json\/wp\/v2\/pages\/1294\/revisions"}],"predecessor-version":[{"id":1521,"href":"https:\/\/www.szantodpuszta.hu\/en\/wp-json\/wp\/v2\/pages\/1294\/revisions\/1521"}],"wp:attachment":[{"href":"https:\/\/www.szantodpuszta.hu\/en\/wp-json\/wp\/v2\/media?parent=1294"}],"curies":[{"name":"wp","href":"https:\/\/api.w.org\/{rel}","templated":true}]}}