{"id":1307,"date":"2022-11-18T22:14:02","date_gmt":"2022-11-18T22:14:02","guid":{"rendered":"https:\/\/www.szantodpuszta.hu\/?page_id=1307"},"modified":"2023-08-18T15:46:29","modified_gmt":"2023-08-18T15:46:29","slug":"outdoor-attractions","status":"publish","type":"page","link":"https:\/\/www.szantodpuszta.hu\/en\/outdoor-attractions\/","title":{"rendered":"Outdoor attractions"},"content":{"rendered":"<p>[et_pb_section fb_built=&#8221;1&#8243; admin_label=&#8221;Services&#8221; _builder_version=&#8221;4.18.0&#8243; _module_preset=&#8221;default&#8221; locked=&#8221;off&#8221; collapsed=&#8221;off&#8221; global_colors_info=&#8221;{}&#8221;][et_pb_row _builder_version=&#8221;4.18.0&#8243; _module_preset=&#8221;default&#8221; global_colors_info=&#8221;{}&#8221;][et_pb_column type=&#8221;4_4&#8243; _builder_version=&#8221;4.18.0&#8243; _module_preset=&#8221;default&#8221; global_colors_info=&#8221;{}&#8221;][et_pb_post_title meta=&#8221;off&#8221; featured_image=&#8221;off&#8221; _builder_version=&#8221;4.18.1&#8243; _module_preset=&#8221;default&#8221; global_colors_info=&#8221;{}&#8221;][\/et_pb_post_title][\/et_pb_column][\/et_pb_row][et_pb_row _builder_version=&#8221;4.18.1&#8243; _module_preset=&#8221;default&#8221; global_colors_info=&#8221;{}&#8221;][et_pb_column type=&#8221;4_4&#8243; _builder_version=&#8221;4.18.1&#8243; _module_preset=&#8221;default&#8221; global_colors_info=&#8221;{}&#8221;][et_pb_text _builder_version=&#8221;4.22.0&#8243; _module_preset=&#8221;default&#8221; hover_enabled=&#8221;0&#8243; global_colors_info=&#8221;{}&#8221; sticky_enabled=&#8221;0&#8243;]<\/p>\n<p>The outdoor wall panels presents buildings. The goal was to show the historycal importance of the buildings, and their enviroments.<\/p>\n<p>A two-row corn crib, that&#8217;s 26 fathom long, and takes place in the middle of the puszta, was built in 1846, desinged by J\u00f3zsef Rigler. On the lower floor there were intercolumniations with 50 meters, which provided the parkplace for wagons. The wall panels at the corn crib, visitors can read about corn, it&#8217;s preparation and use. By other wall panels visitors can get insight into importance of a smoker and a wood fired oven.<\/p>\n<p>Some interactive and exciting programs are also available for kids, take a look at our family-friendly programs.<\/p>\n<p>[\/et_pb_text][\/et_pb_column][\/et_pb_row][et_pb_row _builder_version=&#8221;4.18.1&#8243; _module_preset=&#8221;default&#8221; global_colors_info=&#8221;{}&#8221;][et_pb_column type=&#8221;4_4&#8243; _builder_version=&#8221;4.18.1&#8243; _module_preset=&#8221;default&#8221; global_colors_info=&#8221;{}&#8221;][et_pb_text _builder_version=&#8221;4.19.2&#8243; _module_preset=&#8221;default&#8221; header_2_text_align=&#8221;center&#8221; global_colors_info=&#8221;{}&#8221;]<\/p>\n<h2>Family-friendly programs<\/h2>\n<p>[\/et_pb_text][\/et_pb_column][\/et_pb_row][et_pb_row column_structure=&#8221;1_2,1_2&#8243; make_equal=&#8221;on&#8221; _builder_version=&#8221;4.18.1&#8243; _module_preset=&#8221;default&#8221; custom_padding=&#8221;||0px|||&#8221; global_colors_info=&#8221;{}&#8221;][et_pb_column type=&#8221;1_2&#8243; _builder_version=&#8221;4.18.1&#8243; _module_preset=&#8221;default&#8221; custom_css_main_element=&#8221;margin:auto;&#8221; global_colors_info=&#8221;{}&#8221;][et_pb_image src=&#8221;https:\/\/szantodpuszta.hu\/wp-content\/uploads\/2022\/11\/Mezitlabas-kneipp.jpg&#8221; title_text=&#8221;Mez\u00edtl\u00e1bas (kneipp)&#8221; align=&#8221;center&#8221; _builder_version=&#8221;4.18.1&#8243; _module_preset=&#8221;default&#8221; global_colors_info=&#8221;{}&#8221;][\/et_pb_image][\/et_pb_column][et_pb_column type=&#8221;1_2&#8243; _builder_version=&#8221;4.18.1&#8243; _module_preset=&#8221;default&#8221; custom_css_main_element=&#8221;margin:auto;&#8221; global_colors_info=&#8221;{}&#8221;][et_pb_text _builder_version=&#8221;4.22.0&#8243; _module_preset=&#8221;default&#8221; hover_enabled=&#8221;0&#8243; global_colors_info=&#8221;{}&#8221; sticky_enabled=&#8221;0&#8243;]<\/p>\n<p>A &#8220;rostalika&#8221; themed playground was built in the yard, which includes a barefoot path (called Kneipp path) and touching station (a board with materials that visitors can touch). With this exhibition guests can learn about the materials, activities and products, which appeared during the manor life.<br \/>The barefoot path shows these informations throught the teasing of reflex zones on the feet, with the help of materials recessed into the ground.<\/p>\n<p>[\/et_pb_text][\/et_pb_column][\/et_pb_row][et_pb_row _builder_version=&#8221;4.18.1&#8243; _module_preset=&#8221;default&#8221; global_colors_info=&#8221;{}&#8221;][et_pb_column type=&#8221;4_4&#8243; _builder_version=&#8221;4.18.1&#8243; _module_preset=&#8221;default&#8221; global_colors_info=&#8221;{}&#8221;][et_pb_text _builder_version=&#8221;4.22.0&#8243; _module_preset=&#8221;default&#8221; hover_enabled=&#8221;0&#8243; global_colors_info=&#8221;{}&#8221; sticky_enabled=&#8221;0&#8243;]<\/p>\n<p>In the path soft and solid materials are changing. The touching stations provide good experience for disabled people too. This path was built not only for persons, who can&#8217;t feel with their feet, but also for blind: names of each station are written by latin alphabets and besides the hungarian inscription there are tables with braille.<\/p>\n<p>&nbsp;<\/p>\n<ul>\n<li>Themed playground<\/li>\n<li>Kneipp path<\/li>\n<li>Teagarden<\/li>\n<li>Nursing room<\/li>\n<\/ul>\n<p>[\/et_pb_text][\/et_pb_column][\/et_pb_row][et_pb_row _builder_version=&#8221;4.18.1&#8243; _module_preset=&#8221;default&#8221; global_colors_info=&#8221;{}&#8221;][et_pb_column type=&#8221;4_4&#8243; _builder_version=&#8221;4.18.1&#8243; _module_preset=&#8221;default&#8221; global_colors_info=&#8221;{}&#8221;][et_pb_text _builder_version=&#8221;4.18.1&#8243; _module_preset=&#8221;default&#8221; header_2_text_align=&#8221;center&#8221; global_colors_info=&#8221;{}&#8221;]<\/p>\n<h2>Majors\u00e1g, mint rendezv\u00e9nyhelysz\u00edn<\/h2>\n<p>[\/et_pb_text][\/et_pb_column][\/et_pb_row][et_pb_row column_structure=&#8221;2_5,3_5&#8243; make_equal=&#8221;on&#8221; _builder_version=&#8221;4.18.1&#8243; _module_preset=&#8221;default&#8221; custom_padding=&#8221;||0px|||&#8221; global_colors_info=&#8221;{}&#8221;][et_pb_column type=&#8221;2_5&#8243; _builder_version=&#8221;4.18.1&#8243; _module_preset=&#8221;default&#8221; custom_css_main_element=&#8221;margin:auto;&#8221; global_colors_info=&#8221;{}&#8221;][et_pb_image src=&#8221;https:\/\/szantodpuszta.hu\/wp-content\/uploads\/2022\/11\/pajta.jpeg&#8221; title_text=&#8221;pajta&#8221; align=&#8221;center&#8221; _builder_version=&#8221;4.18.1&#8243; _module_preset=&#8221;default&#8221; global_colors_info=&#8221;{}&#8221;][\/et_pb_image][\/et_pb_column][et_pb_column type=&#8221;3_5&#8243; _builder_version=&#8221;4.18.1&#8243; _module_preset=&#8221;default&#8221; custom_css_main_element=&#8221;margin:auto;&#8221; global_colors_info=&#8221;{}&#8221;][et_pb_text _builder_version=&#8221;4.19.2&#8243; _module_preset=&#8221;default&#8221; global_colors_info=&#8221;{}&#8221;]<\/p>\n<p>Traditional events are very popular in the village and its neighborhood for all ages, during that time several outdoor programs are available. The area in Sz\u00e1nt\u00f3dpuszta and some building here provide suitable place for events that go to folk traditions and country life. In the future various of programs will take place according to predetermined and annual themes, from which we will inform you on our website.<\/p>\n<p>&nbsp;<\/p>\n<ul>\n<li>Horse riding court, podiums, grandstands <\/li>\n<li>Barn, workshop of blacksmith and wheelwright<\/li>\n<\/ul>\n<p>[\/et_pb_text][\/et_pb_column][\/et_pb_row][\/et_pb_section]<\/p>\n","protected":false},"excerpt":{"rendered":"<p>The outdoor wall panels presents buildings. The goal was to show the historycal importance of the buildings, and their enviroments. A two-row corn crib, that&#8217;s 26 fathom long, and takes place in the middle of the puszta, was built in 1846, desinged by J\u00f3zsef Rigler. On the lower floor there were intercolumniations with 50 meters, [&hellip;]<\/p>\n","protected":false},"author":2,"featured_media":0,"parent":0,"menu_order":0,"comment_status":"closed","ping_status":"closed","template":"","meta":{"_et_pb_use_builder":"on","_et_pb_old_content":"[et_pb_section fb_built=\"1\" admin_label=\"Services\" _builder_version=\"4.18.0\" _module_preset=\"default\" locked=\"off\" collapsed=\"off\" global_colors_info=\"{}\"][et_pb_row _builder_version=\"4.18.0\" _module_preset=\"default\" global_colors_info=\"{}\"][et_pb_column type=\"4_4\" _builder_version=\"4.18.0\" _module_preset=\"default\" global_colors_info=\"{}\"][et_pb_post_title meta=\"off\" featured_image=\"off\" _builder_version=\"4.18.1\" _module_preset=\"default\" global_colors_info=\"{}\"][\/et_pb_post_title][\/et_pb_column][\/et_pb_row][et_pb_row _builder_version=\"4.18.1\" _module_preset=\"default\" global_colors_info=\"{}\"][et_pb_column type=\"4_4\" _builder_version=\"4.18.1\" _module_preset=\"default\" global_colors_info=\"{}\"][et_pb_text _builder_version=\"4.18.1\" _module_preset=\"default\" hover_enabled=\"0\" global_colors_info=\"{}\" sticky_enabled=\"0\"]<p>Az \u00e9p\u00fcletek \u00e9s \u00e9p\u00edtm\u00e9nyek t\u00f6rt\u00e9neti bemutat\u00e1sa val\u00f3sul meg k\u00fclt\u00e9ri tabl\u00f3kon. C\u00e9l, hogy az egyes \u00e9p\u00fcletek \u00e9s azok\u00a0 k\u00f6rnyezet\u00e9nek t\u00f6rt\u00e9neteivel, akkori jelent\u0151s\u00e9geikkel tal\u00e1lkozhassanak vend\u00e9geink.<span class=\"im\"><\/span><\/p>\r\n<p>1846-ban \u00e9p\u00edtett\u00e9k fel a Rigler J\u00f3zsef tervezte sz\u00e1nt\u00f3dpusztai majors\u00e1g k\u00f6zep\u00e9n \u00e1ll\u00f3 26 \u00f6l hossz\u00fa, k\u00e9tsoros kukoricag\u00f3r\u00e9t, amelynek als\u00f3 r\u00e9sz\u00e9n a k\u00f6zel \u00f6tven m\u00e9ternyi oszlopk\u00f6z\u00f6k szekereknek adtak v\u00e9delmet. A Kukoricag\u00f3r\u00e9 \u00e9p\u00fclet\u00e9n\u00e9l l\u00e9v\u0151 tabl\u00f3kon t\u00f6bbek k\u00f6z\u00f6tt a kukoric\u00e1val, illetve annak feldolgoz\u00e1s\u00e1val kapcsolatos ismeretekre tehetnek szert, m\u00e1s helysz\u00ednen ak\u00e1r a f\u00fcst\u00f6l\u0151 \u00e9s kemence jelent\u0151s\u00e9g\u00e9be is betekint\u00e9st nyerhetnek az l\u00e1togat\u00f3k.<\/p>\r\n<p>A ter\u00fcleten interakt\u00edv, a kisgyermekek sz\u00e1m\u00e1ra is izgalmas programok val\u00f3sultak meg, n\u00e9zd meg milyen csal\u00e1dbar\u00e1t\u00a0 funkci\u00f3kkal v\u00e1rjuk az ide\u00e9rkez\u0151ket.<\/p>[\/et_pb_text][\/et_pb_column][\/et_pb_row][et_pb_row _builder_version=\"4.18.1\" _module_preset=\"default\" global_colors_info=\"{}\"][et_pb_column type=\"4_4\" _builder_version=\"4.18.1\" _module_preset=\"default\" global_colors_info=\"{}\"][et_pb_text _builder_version=\"4.18.1\" _module_preset=\"default\" header_2_text_align=\"center\" global_colors_info=\"{}\"]<h2>Csal\u00e1dbar\u00e1t funkci\u00f3k<\/h2>[\/et_pb_text][\/et_pb_column][\/et_pb_row][et_pb_row _builder_version=\"4.18.1\" _module_preset=\"default\" hover_enabled=\"0\" global_colors_info=\"{}\" column_structure=\"1_2,1_2\" make_equal=\"on\" sticky_enabled=\"0\" custom_padding=\"||0px|||\"][et_pb_column type=\"1_2\" _builder_version=\"4.18.1\" _module_preset=\"default\" hover_enabled=\"0\" global_colors_info=\"{}\" custom_css_main_element=\"margin:auto;\" sticky_enabled=\"0\"][et_pb_image src=\"https:\/\/szantodpuszta.hu\/wp-content\/uploads\/2022\/11\/Mezitlabas-kneipp.jpg\" title_text=\"Mez\u00edtl\u00e1bas (kneipp)\" _builder_version=\"4.18.1\" _module_preset=\"default\" hover_enabled=\"0\" global_colors_info=\"{}\" align=\"center\" sticky_enabled=\"0\"][\/et_pb_image][\/et_pb_column][et_pb_column type=\"1_2\" _builder_version=\"4.18.1\" _module_preset=\"default\" hover_enabled=\"0\" global_colors_info=\"{}\" custom_css_main_element=\"margin:auto;\" sticky_enabled=\"0\"][et_pb_text _builder_version=\"4.18.1\" _module_preset=\"default\" hover_enabled=\"0\" sticky_enabled=\"0\"]<p>Az udvaron a legkisebbek legnagyobb \u00f6r\u00f6m\u00e9re meg\u00e9p\u00fclt Rostalika tematik\u00e1j\u00fa j\u00e1tsz\u00f3ter\u00fcnk, melynek r\u00e9sz\u00e9t k\u00e9pezi a mez\u00edtl\u00e1bas (\u00fan. Kneipp) \u00f6sv\u00e9ny \u00e9s a tapogat\u00f3 \u00e1llom\u00e1sok is. Ezek c\u00e9lja a majors\u00e1gi \u00e9let sor\u00e1n el\u0151fordul\u00f3 alapanyagok, tev\u00e9kenys\u00e9gek megismer\u00e9se, term\u00e9kek \u00e9rint\u00e9se, tapint\u00e1sa.<\/p>\r\n<p><br \/>Mez\u00edtl\u00e1bas tapos\u00f3 \u00f6sv\u00e9ny mindezt a talp reflexi\u00f3s z\u00f3n\u00e1inak ingerl\u00e9s\u00e9n<br \/>kereszt\u00fcl igyekszik megismertetni, a talajba s\u00fcllyesztett anyagok<br \/>seg\u00edts\u00e9g\u00e9vel. <\/p>[\/et_pb_text][\/et_pb_column][\/et_pb_row][et_pb_row _builder_version=\"4.18.1\" _module_preset=\"default\"][et_pb_column _builder_version=\"4.18.1\" _module_preset=\"default\" type=\"4_4\"][et_pb_text _builder_version=\"4.18.1\" _module_preset=\"default\" hover_enabled=\"0\" sticky_enabled=\"0\"]<p>Benne szil\u00e1rdabb \u00e9s puh\u00e1bb anyagok v\u00e1ltakozva ker\u00fcltek elhelyez\u00e9sre. A tapogat\u00f3 \u00e1llom\u00e1sok a fogyat\u00e9kkal \u00e9l\u0151k sz\u00e1m\u00e1ra is \u00e9lvezhet\u0151 \u00e9lm\u00e9nyt ny\u00fajtanak. A tapogat\u00f3 \u00f6sv\u00e9ny nemcsak azok sz\u00e1m\u00e1ra \u00e9p\u00fcl, akik talpukkal nem tudnak \u00e9rz\u00e9kelni, hanem a l\u00e1t\u00e1ss\u00e9r\u00fcltek sz\u00e1m\u00e1ra is: az egyes \u00e1llom\u00e1sok nevei a latin bet\u0171s, magyar nyelv\u0171 felirat mellett, Braille-\u00edr\u00e1sos t\u00e1bl\u00e1csk\u00e1val is ell\u00e1tottak.<\/p>\r\n<p>\u00a0<\/p>\r\n<ul>\r\n<li>Tematikus j\u00e1tsz\u00f3t\u00e9r<\/li>\r\n<li>Kneipp \u00f6sv\u00e9ny<\/li>\r\n<li>Te\u00e1z\u00f3kert<\/li>\r\n<li>Baba-mama szoba<\/li>\r\n<\/ul>[\/et_pb_text][\/et_pb_column][\/et_pb_row][et_pb_row _builder_version=\"4.18.1\" _module_preset=\"default\" global_colors_info=\"{}\"][et_pb_column type=\"4_4\" _builder_version=\"4.18.1\" _module_preset=\"default\" global_colors_info=\"{}\"][et_pb_text _builder_version=\"4.18.1\" _module_preset=\"default\" header_2_text_align=\"center\" hover_enabled=\"0\" global_colors_info=\"{}\" sticky_enabled=\"0\"]<h2>Majors\u00e1g, mint rendezv\u00e9nyhelysz\u00edn<\/h2>[\/et_pb_text][\/et_pb_column][\/et_pb_row][et_pb_row _builder_version=\"4.18.1\" _module_preset=\"default\" hover_enabled=\"0\" global_colors_info=\"{}\" column_structure=\"2_5,3_5\" make_equal=\"on\" sticky_enabled=\"0\" custom_padding=\"||0px|||\"][et_pb_column type=\"2_5\" _builder_version=\"4.18.1\" _module_preset=\"default\" hover_enabled=\"0\" global_colors_info=\"{}\" custom_css_main_element=\"margin:auto;\" sticky_enabled=\"0\"][et_pb_image src=\"https:\/\/szantodpuszta.hu\/wp-content\/uploads\/2022\/11\/pajta.jpeg\" title_text=\"pajta\" _builder_version=\"4.18.1\" _module_preset=\"default\" hover_enabled=\"0\" global_colors_info=\"{}\" align=\"center\" sticky_enabled=\"0\"][\/et_pb_image][\/et_pb_column][et_pb_column type=\"3_5\" _builder_version=\"4.18.1\" _module_preset=\"default\" hover_enabled=\"0\" global_colors_info=\"{}\" custom_css_main_element=\"margin:auto;\" sticky_enabled=\"0\"][et_pb_text _builder_version=\"4.18.1\" _module_preset=\"default\" hover_enabled=\"0\" sticky_enabled=\"0\"]<p>A telep\u00fcl\u00e9sen \u00e9s k\u00f6rny\u00e9k\u00e9n nagy n\u00e9pszer\u0171s\u00e9gnek \u00f6rvendenek a hagyom\u00e1nyos \u00fcnnepi rendezv\u00e9nyek, ahol k\u00fcl\u00f6nb\u00f6z\u0151 szabadt\u00e9ri programokkal v\u00e1rnak minden koroszt\u00e1lyt. Sz\u00e1nt\u00f3dpuszta, illetve a Majors\u00e1g egyes \u00e9p\u00fcletei \u00e9s ter\u00fcletei k\u00fcl\u00f6nleges helysz\u00edn\u00e9\u00fcl szolg\u00e1lnak a n\u00e9pi hagyom\u00e1nyokat \u00e9s a vid\u00e9ki \u00e9letet megid\u00e9z\u0151 esem\u00e9nyeknek. A j\u00f6v\u0151ben el\u0151re meghat\u00e1rozott, \u00e9ves tematika szerint<br \/>ker\u00fclnek megszervez\u00e9sre k\u00fcl\u00f6nb\u00f6z\u0151 programok, melyekr\u0151l oldalunkon folyamatos t\u00e1j\u00e9koztat\u00e1st adunk.<\/p>\r\n<p>\u00a0<\/p>\r\n<ul>\r\n<li>Lovasp\u00e1lya, emelv\u00e9nyek, lel\u00e1t\u00f3k<\/li>\r\n<li>Pajta, kov\u00e1cs- \u00e9s bogn\u00e1rm\u0171hely<\/li>\r\n<\/ul>[\/et_pb_text][\/et_pb_column][\/et_pb_row][\/et_pb_section]","_et_gb_content_width":"","footnotes":""},"class_list":["post-1307","page","type-page","status-publish","hentry"],"_links":{"self":[{"href":"https:\/\/www.szantodpuszta.hu\/en\/wp-json\/wp\/v2\/pages\/1307","targetHints":{"allow":["GET"]}}],"collection":[{"href":"https:\/\/www.szantodpuszta.hu\/en\/wp-json\/wp\/v2\/pages"}],"about":[{"href":"https:\/\/www.szantodpuszta.hu\/en\/wp-json\/wp\/v2\/types\/page"}],"author":[{"embeddable":true,"href":"https:\/\/www.szantodpuszta.hu\/en\/wp-json\/wp\/v2\/users\/2"}],"replies":[{"embeddable":true,"href":"https:\/\/www.szantodpuszta.hu\/en\/wp-json\/wp\/v2\/comments?post=1307"}],"version-history":[{"count":6,"href":"https:\/\/www.szantodpuszta.hu\/en\/wp-json\/wp\/v2\/pages\/1307\/revisions"}],"predecessor-version":[{"id":1524,"href":"https:\/\/www.szantodpuszta.hu\/en\/wp-json\/wp\/v2\/pages\/1307\/revisions\/1524"}],"wp:attachment":[{"href":"https:\/\/www.szantodpuszta.hu\/en\/wp-json\/wp\/v2\/media?parent=1307"}],"curies":[{"name":"wp","href":"https:\/\/api.w.org\/{rel}","templated":true}]}}