{"id":1008,"date":"2022-11-08T11:03:42","date_gmt":"2022-11-08T11:03:42","guid":{"rendered":"https:\/\/beta.szantodpuszta.hu\/?page_id=1008"},"modified":"2022-12-01T19:26:57","modified_gmt":"2022-12-01T19:26:57","slug":"benvenuto-nella-pagina-della-maggioranza-di-szantodpuszta","status":"publish","type":"page","link":"https:\/\/www.szantodpuszta.hu\/it\/benvenuto-nella-pagina-della-maggioranza-di-szantodpuszta\/","title":{"rendered":"Benvenuto nella pagina della Maggioranza di Sz\u00e1nt\u00f3dpuszta!"},"content":{"rendered":"<p>[et_pb_section fb_built=&#8221;1&#8243; admin_label=&#8221;Services&#8221; _builder_version=&#8221;4.18.0&#8243; _module_preset=&#8221;default&#8221; locked=&#8221;off&#8221; collapsed=&#8221;off&#8221; global_colors_info=&#8221;{}&#8221;][et_pb_row _builder_version=&#8221;4.18.0&#8243; _module_preset=&#8221;default&#8221; global_colors_info=&#8221;{}&#8221;][et_pb_column type=&#8221;4_4&#8243; _builder_version=&#8221;4.18.0&#8243; _module_preset=&#8221;default&#8221; global_colors_info=&#8221;{}&#8221;][et_pb_post_title meta=&#8221;off&#8221; featured_image=&#8221;off&#8221; _builder_version=&#8221;4.18.1&#8243; _module_preset=&#8221;default&#8221; global_colors_info=&#8221;{}&#8221;][\/et_pb_post_title][et_pb_text _builder_version=&#8221;4.18.1&#8243; _module_preset=&#8221;default&#8221; global_colors_info=&#8221;{}&#8221;]<\/p>\n<p>Il &#8220;maggiore vivente&#8221; mostra la vita quotidiana di un maggiore nel XIX secolo. Oltre alle mostre interattive, attendono i visitatori un parco giochi a tema unico, un percorso Kneipp e un giardino del t\u00e8. L&#8217;edificio Pajta e l&#8217;ippodromo ristrutturato fungono da spazio per eventi, nell&#8217;edificio M\u00e9nescs\u00e1rda \u00e8 stato allestito un negozio di articoli da regalo e nell&#8217;\u00d6regcs\u00e1rda \u00e8 stato allestito un buffet. Gli interessati possono incontrare cavalli e altri animali importanti negli edifici della scuderia dei cavalli e della scuderia dei pony.<\/p>\n<p>[\/et_pb_text][\/et_pb_column][\/et_pb_row][et_pb_row column_structure=&#8221;1_4,1_4,1_4,1_4&#8243; _builder_version=&#8221;4.18.1&#8243; _module_preset=&#8221;default&#8221; global_colors_info=&#8221;{}&#8221;][et_pb_column type=&#8221;1_4&#8243; _builder_version=&#8221;4.18.1&#8243; _module_preset=&#8221;default&#8221; global_colors_info=&#8221;{}&#8221;][et_pb_blurb title=&#8221;Esposizioni&#8221; use_icon=&#8221;on&#8221; font_icon=&#8221;&#xf06e;||fa||400&#8243; _builder_version=&#8221;4.18.1&#8243; _module_preset=&#8221;default&#8221; text_orientation=&#8221;center&#8221; animation=&#8221;off&#8221; link_option_url=&#8221;\/it\/esposizioni&#8221; hover_enabled=&#8221;0&#8243; global_colors_info=&#8221;{}&#8221; sticky_enabled=&#8221;0&#8243;][\/et_pb_blurb][\/et_pb_column][et_pb_column type=&#8221;1_4&#8243; _builder_version=&#8221;4.18.1&#8243; _module_preset=&#8221;default&#8221; global_colors_info=&#8221;{}&#8221;][et_pb_blurb title=&#8221;Biglietti&#8221; use_icon=&#8221;on&#8221; font_icon=&#8221;&#xf3ff;||fa||900&#8243; _builder_version=&#8221;4.18.1&#8243; _module_preset=&#8221;default&#8221; text_orientation=&#8221;center&#8221; animation=&#8221;off&#8221; link_option_url=&#8221;\/it\/biglietti&#8221; hover_enabled=&#8221;0&#8243; global_colors_info=&#8221;{}&#8221; sticky_enabled=&#8221;0&#8243;][\/et_pb_blurb][\/et_pb_column][et_pb_column type=&#8221;1_4&#8243; _builder_version=&#8221;4.18.1&#8243; _module_preset=&#8221;default&#8221; global_colors_info=&#8221;{}&#8221;][et_pb_blurb title=&#8221;Orari di apertura&#8221; use_icon=&#8221;on&#8221; font_icon=&#8221;&#xf3c1;||fa||900&#8243; _builder_version=&#8221;4.18.1&#8243; _module_preset=&#8221;default&#8221; text_orientation=&#8221;center&#8221; animation=&#8221;off&#8221; link_option_url=&#8221;\/it\/orari-di-apertura&#8221; hover_enabled=&#8221;0&#8243; global_colors_info=&#8221;{}&#8221; sticky_enabled=&#8221;0&#8243;][\/et_pb_blurb][\/et_pb_column][et_pb_column type=&#8221;1_4&#8243; _builder_version=&#8221;4.18.1&#8243; _module_preset=&#8221;default&#8221; global_colors_info=&#8221;{}&#8221;][et_pb_blurb title=&#8221;Approccio&#8221; use_icon=&#8221;on&#8221; font_icon=&#8221;&#xf5a0;||fa||900&#8243; _builder_version=&#8221;4.18.1&#8243; _module_preset=&#8221;default&#8221; text_orientation=&#8221;center&#8221; animation=&#8221;off&#8221; link_option_url=&#8221;\/it\/approccio&#8221; hover_enabled=&#8221;0&#8243; global_colors_info=&#8221;{}&#8221; sticky_enabled=&#8221;0&#8243;][\/et_pb_blurb][\/et_pb_column][\/et_pb_row][\/et_pb_section]<\/p>\n","protected":false},"excerpt":{"rendered":"<p>Il &#8220;maggiore vivente&#8221; mostra la vita quotidiana di un maggiore nel XIX secolo. Oltre alle mostre interattive, attendono i visitatori un parco giochi a tema unico, un percorso Kneipp e un giardino del t\u00e8. L&#8217;edificio Pajta e l&#8217;ippodromo ristrutturato fungono da spazio per eventi, nell&#8217;edificio M\u00e9nescs\u00e1rda \u00e8 stato allestito un negozio di articoli da regalo [&hellip;]<\/p>\n","protected":false},"author":2,"featured_media":0,"parent":0,"menu_order":0,"comment_status":"closed","ping_status":"closed","template":"","meta":{"_et_pb_use_builder":"on","_et_pb_old_content":"<p>[et_pb_section fb_built=\"1\" admin_label=\"Services\" _builder_version=\"4.18.0\" _module_preset=\"default\" locked=\"off\" collapsed=\"off\" global_colors_info=\"{}\"][et_pb_row _builder_version=\"4.18.0\" _module_preset=\"default\" global_colors_info=\"{}\"][et_pb_column type=\"4_4\" _builder_version=\"4.18.0\" _module_preset=\"default\" global_colors_info=\"{}\"][et_pb_post_title meta=\"off\" featured_image=\"off\" _builder_version=\"4.18.1\" _module_preset=\"default\" hover_enabled=\"0\" global_colors_info=\"{}\" sticky_enabled=\"0\"][\/et_pb_post_title][et_pb_text _builder_version=\"4.18.1\" _module_preset=\"default\" hover_enabled=\"0\" sticky_enabled=\"0\"]<\/p><p>Az \u201e\u00e9l\u0151 major\u201d a 19. sz\u00e1zadi majors\u00e1gi \u00e9let mindennapjait mutatja be. Az interakt\u00edv ki\u00e1ll\u00edt\u00e1sok mellett egyed\u00fcl\u00e1ll\u00f3 tematikus j\u00e1tsz\u00f3t\u00e9r, Kneipp \u00f6sv\u00e9ny, te\u00e1z\u00f3kert v\u00e1rja a l\u00e1togat\u00f3kat. A Pajta \u00e9p\u00fclete, valamint a fel\u00faj\u00edtott lovasp\u00e1lya rendezv\u00e9nyt\u00e9rk\u00e9nt m\u0171k\u00f6dik, a M\u00e9nescs\u00e1rda \u00e9p\u00fclet\u00e9ben aj\u00e1nd\u00e9kbolt, az \u00d6regcs\u00e1rd\u00e1ban pedig b\u00fcf\u00e9 ker\u00fclt kialak\u00edt\u00e1sra. A L\u00f3ist\u00e1ll\u00f3 \u00e9s a P\u00f3niist\u00e1ll\u00f3 \u00e9p\u00fclet\u00e9ben lovakkal, valamint egy\u00e9b majors\u00e1gi \u00e1llatokkal tal\u00e1lkozhatnak az \u00e9rdekl\u0151d\u0151k.<\/p><p>[\/et_pb_text][\/et_pb_column][\/et_pb_row][et_pb_row column_structure=\"1_4,1_4,1_4,1_4\" _builder_version=\"4.18.1\" _module_preset=\"default\" global_colors_info=\"{}\"][et_pb_column type=\"1_4\" _builder_version=\"4.18.1\" _module_preset=\"default\" global_colors_info=\"{}\"][et_pb_blurb title=\"Ki\u00e1ll\u00edt\u00e1sok\" use_icon=\"on\" font_icon=\"\uf06e||fa||400\" _builder_version=\"4.18.1\" _module_preset=\"default\" text_orientation=\"center\" animation=\"off\" link_option_url=\"\/kiallitasok\" global_colors_info=\"{}\"][\/et_pb_blurb][\/et_pb_column][et_pb_column type=\"1_4\" _builder_version=\"4.18.1\" _module_preset=\"default\" global_colors_info=\"{}\"][et_pb_blurb title=\"Jegyek\" use_icon=\"on\" font_icon=\"\uf3ff||fa||900\" _builder_version=\"4.18.1\" _module_preset=\"default\" text_orientation=\"center\" animation=\"off\" link_option_url=\"\/jegyek\" global_colors_info=\"{}\"][\/et_pb_blurb][\/et_pb_column][et_pb_column type=\"1_4\" _builder_version=\"4.18.1\" _module_preset=\"default\" global_colors_info=\"{}\"][et_pb_blurb title=\"Nyitvatart\u00e1s\" use_icon=\"on\" font_icon=\"\uf3c1||fa||900\" _builder_version=\"4.18.1\" _module_preset=\"default\" text_orientation=\"center\" animation=\"off\" link_option_url=\"\/nyitvatartas\" global_colors_info=\"{}\"][\/et_pb_blurb][\/et_pb_column][et_pb_column type=\"1_4\" _builder_version=\"4.18.1\" _module_preset=\"default\" global_colors_info=\"{}\"][et_pb_blurb title=\"Megk\u00f6zel\u00edt\u00e9s\" use_icon=\"on\" font_icon=\"\uf5a0||fa||900\" _builder_version=\"4.18.1\" _module_preset=\"default\" text_orientation=\"center\" animation=\"off\" link_option_url=\"\/megkozelites\" global_colors_info=\"{}\"][\/et_pb_blurb][\/et_pb_column][\/et_pb_row][\/et_pb_section]<\/p>","_et_gb_content_width":"","footnotes":""},"class_list":["post-1008","page","type-page","status-publish","hentry"],"_links":{"self":[{"href":"https:\/\/www.szantodpuszta.hu\/it\/wp-json\/wp\/v2\/pages\/1008","targetHints":{"allow":["GET"]}}],"collection":[{"href":"https:\/\/www.szantodpuszta.hu\/it\/wp-json\/wp\/v2\/pages"}],"about":[{"href":"https:\/\/www.szantodpuszta.hu\/it\/wp-json\/wp\/v2\/types\/page"}],"author":[{"embeddable":true,"href":"https:\/\/www.szantodpuszta.hu\/it\/wp-json\/wp\/v2\/users\/2"}],"replies":[{"embeddable":true,"href":"https:\/\/www.szantodpuszta.hu\/it\/wp-json\/wp\/v2\/comments?post=1008"}],"version-history":[{"count":6,"href":"https:\/\/www.szantodpuszta.hu\/it\/wp-json\/wp\/v2\/pages\/1008\/revisions"}],"predecessor-version":[{"id":1083,"href":"https:\/\/www.szantodpuszta.hu\/it\/wp-json\/wp\/v2\/pages\/1008\/revisions\/1083"}],"wp:attachment":[{"href":"https:\/\/www.szantodpuszta.hu\/it\/wp-json\/wp\/v2\/media?parent=1008"}],"curies":[{"name":"wp","href":"https:\/\/api.w.org\/{rel}","templated":true}]}}