{"id":1032,"date":"2022-10-18T18:10:15","date_gmt":"2022-10-18T18:10:15","guid":{"rendered":"https:\/\/beta.szantodpuszta.hu\/?page_id=1032"},"modified":"2022-12-01T19:07:05","modified_gmt":"2022-12-01T19:07:05","slug":"biglietti","status":"publish","type":"page","link":"https:\/\/www.szantodpuszta.hu\/it\/biglietti\/","title":{"rendered":"Biglietti"},"content":{"rendered":"<p>[et_pb_section fb_built=&#8221;1&#8243; _builder_version=&#8221;4.18.1&#8243; _module_preset=&#8221;default&#8221; global_colors_info=&#8221;{}&#8221;][et_pb_row _builder_version=&#8221;4.18.1&#8243; _module_preset=&#8221;default&#8221; global_colors_info=&#8221;{}&#8221;][et_pb_column type=&#8221;4_4&#8243; _builder_version=&#8221;4.18.1&#8243; _module_preset=&#8221;default&#8221; global_colors_info=&#8221;{}&#8221;][et_pb_post_title meta=&#8221;off&#8221; featured_image=&#8221;off&#8221; _builder_version=&#8221;4.18.1&#8243; _module_preset=&#8221;default&#8221; global_colors_info=&#8221;{}&#8221;][\/et_pb_post_title][et_pb_text _builder_version=&#8221;4.18.1&#8243; _module_preset=&#8221;default&#8221; hover_enabled=&#8221;0&#8243; global_colors_info=&#8221;{}&#8221; sticky_enabled=&#8221;0&#8243;]<\/p>\n<h3 style=\"text-align: center;\">Az oldal tartalma felt\u00f6lt\u00e9s alatt.<\/h3>\n<h3 style=\"text-align: center;\">K\u00e9rj\u00fck l\u00e1togass vissza k\u00e9s\u0151bb!<\/h3>\n<p>[\/et_pb_text][\/et_pb_column][\/et_pb_row][\/et_pb_section]<\/p>\n","protected":false},"excerpt":{"rendered":"<p>Az oldal tartalma felt\u00f6lt\u00e9s alatt. K\u00e9rj\u00fck l\u00e1togass vissza k\u00e9s\u0151bb!<\/p>\n","protected":false},"author":2,"featured_media":0,"parent":0,"menu_order":0,"comment_status":"closed","ping_status":"closed","template":"","meta":{"_et_pb_use_builder":"on","_et_pb_old_content":"<p>[et_pb_section fb_built=\"1\" theme_builder_area=\"post_content\" _builder_version=\"4.18.1\" _module_preset=\"default\"][et_pb_row _builder_version=\"4.18.1\" _module_preset=\"default\" theme_builder_area=\"post_content\"][et_pb_column _builder_version=\"4.18.1\" _module_preset=\"default\" type=\"4_4\" theme_builder_area=\"post_content\"][et_pb_post_title _builder_version=\"4.18.1\" _module_preset=\"default\" theme_builder_area=\"post_content\" meta=\"off\" featured_image=\"off\" hover_enabled=\"0\" sticky_enabled=\"0\"][\/et_pb_post_title][et_pb_text _builder_version=\"4.18.1\" _module_preset=\"default\" theme_builder_area=\"post_content\" hover_enabled=\"0\" sticky_enabled=\"0\"]<\/p><h3 style=\"text-align: center;\">Az oldal tartalma felt\u00f6lt\u00e9s alatt.<\/h3><h3 style=\"text-align: center;\">K\u00e9rj\u00fck l\u00e1togass vissza k\u00e9s\u0151bb!<\/h3><p>[\/et_pb_text][\/et_pb_column][\/et_pb_row][\/et_pb_section]<\/p>","_et_gb_content_width":"","footnotes":""},"class_list":["post-1032","page","type-page","status-publish","hentry"],"_links":{"self":[{"href":"https:\/\/www.szantodpuszta.hu\/it\/wp-json\/wp\/v2\/pages\/1032","targetHints":{"allow":["GET"]}}],"collection":[{"href":"https:\/\/www.szantodpuszta.hu\/it\/wp-json\/wp\/v2\/pages"}],"about":[{"href":"https:\/\/www.szantodpuszta.hu\/it\/wp-json\/wp\/v2\/types\/page"}],"author":[{"embeddable":true,"href":"https:\/\/www.szantodpuszta.hu\/it\/wp-json\/wp\/v2\/users\/2"}],"replies":[{"embeddable":true,"href":"https:\/\/www.szantodpuszta.hu\/it\/wp-json\/wp\/v2\/comments?post=1032"}],"version-history":[{"count":4,"href":"https:\/\/www.szantodpuszta.hu\/it\/wp-json\/wp\/v2\/pages\/1032\/revisions"}],"predecessor-version":[{"id":1038,"href":"https:\/\/www.szantodpuszta.hu\/it\/wp-json\/wp\/v2\/pages\/1032\/revisions\/1038"}],"wp:attachment":[{"href":"https:\/\/www.szantodpuszta.hu\/it\/wp-json\/wp\/v2\/media?parent=1032"}],"curies":[{"name":"wp","href":"https:\/\/api.w.org\/{rel}","templated":true}]}}