{"id":1214,"date":"2022-11-08T11:03:42","date_gmt":"2022-11-08T11:03:42","guid":{"rendered":"https:\/\/www.szantodpuszta.hu\/?page_id=1214"},"modified":"2022-12-08T12:07:06","modified_gmt":"2022-12-08T12:07:06","slug":"witamy-na-stronie-folwarku-szantodpuszta","status":"publish","type":"page","link":"https:\/\/www.szantodpuszta.hu\/pl\/witamy-na-stronie-folwarku-szantodpuszta\/","title":{"rendered":"Witamy na stronie Folwarku Sz\u00e1nt\u00f3dpuszta!"},"content":{"rendered":"<p>[et_pb_section fb_built=&#8221;1&#8243; admin_label=&#8221;Services&#8221; _builder_version=&#8221;4.18.0&#8243; _module_preset=&#8221;default&#8221; locked=&#8221;off&#8221; collapsed=&#8221;off&#8221; global_colors_info=&#8221;{}&#8221;][et_pb_row _builder_version=&#8221;4.18.0&#8243; _module_preset=&#8221;default&#8221; global_colors_info=&#8221;{}&#8221;][et_pb_column type=&#8221;4_4&#8243; _builder_version=&#8221;4.18.0&#8243; _module_preset=&#8221;default&#8221; global_colors_info=&#8221;{}&#8221;][et_pb_post_title meta=&#8221;off&#8221; featured_image=&#8221;off&#8221; _builder_version=&#8221;4.18.1&#8243; _module_preset=&#8221;default&#8221; global_colors_info=&#8221;{}&#8221;][\/et_pb_post_title][et_pb_text _builder_version=&#8221;4.19.2&#8243; _module_preset=&#8221;default&#8221; global_colors_info=&#8221;{}&#8221;]<\/p>\n<p>&#8222;\u017bywy folwark&#8221; ukazuje \u017cycie codziennie folwarku z XIXw. Opr\u00f3cz r\u00f3\u017cnego rodzaju wystaw na go\u015bci czekaj\u0105 tematyczny plac zabaw, \u015bcie\u017cka Kneippa, oraz ogr\u00f3dek herbaciany. Odnowione stodo\u0142a i wybieg dla konie pe\u0142ni\u0105 funkcj\u0119 przestrzeni eventowej, w dawnej stajni znajduje si\u0119 sklep z pami\u0105tkami, a w kolejnym budynku jest bufet. W stajni dla koni i kucyk\u00f3w go\u015bcie mog\u0105 zobaczy\u0107 konie i inne wi\u0119ksze zwierz\u0119ta.  <\/p>\n<p>[\/et_pb_text][\/et_pb_column][\/et_pb_row][et_pb_row column_structure=&#8221;1_4,1_4,1_4,1_4&#8243; _builder_version=&#8221;4.18.1&#8243; _module_preset=&#8221;default&#8221; global_colors_info=&#8221;{}&#8221;][et_pb_column type=&#8221;1_4&#8243; _builder_version=&#8221;4.18.1&#8243; _module_preset=&#8221;default&#8221; global_colors_info=&#8221;{}&#8221;][et_pb_blurb title=&#8221;wystawy&#8221; use_icon=&#8221;on&#8221; font_icon=&#8221;&#xf06e;||fa||400&#8243; _builder_version=&#8221;4.19.2&#8243; _module_preset=&#8221;default&#8221; text_orientation=&#8221;center&#8221; animation=&#8221;off&#8221; link_option_url=&#8221;\/pl\/kiallitasok\/&#8221; hover_enabled=&#8221;0&#8243; global_colors_info=&#8221;{}&#8221; sticky_enabled=&#8221;0&#8243;][\/et_pb_blurb][\/et_pb_column][et_pb_column type=&#8221;1_4&#8243; _builder_version=&#8221;4.18.1&#8243; _module_preset=&#8221;default&#8221; global_colors_info=&#8221;{}&#8221;][et_pb_blurb title=&#8221;bilety&#8221; use_icon=&#8221;on&#8221; font_icon=&#8221;&#xf3ff;||fa||900&#8243; _builder_version=&#8221;4.19.2&#8243; _module_preset=&#8221;default&#8221; text_orientation=&#8221;center&#8221; animation=&#8221;off&#8221; link_option_url=&#8221;\/pl\/bilety\/&#8221; hover_enabled=&#8221;0&#8243; global_colors_info=&#8221;{}&#8221; sticky_enabled=&#8221;0&#8243;][\/et_pb_blurb][\/et_pb_column][et_pb_column type=&#8221;1_4&#8243; _builder_version=&#8221;4.18.1&#8243; _module_preset=&#8221;default&#8221; global_colors_info=&#8221;{}&#8221;][et_pb_blurb title=&#8221;godziny otwarcia&#8221; use_icon=&#8221;on&#8221; font_icon=&#8221;&#xf3c1;||fa||900&#8243; _builder_version=&#8221;4.19.2&#8243; _module_preset=&#8221;default&#8221; text_orientation=&#8221;center&#8221; animation=&#8221;off&#8221; link_option_url=&#8221;\/pl\/godziny-otwarcia\/&#8221; hover_enabled=&#8221;0&#8243; global_colors_info=&#8221;{}&#8221; sticky_enabled=&#8221;0&#8243;][\/et_pb_blurb][\/et_pb_column][et_pb_column type=&#8221;1_4&#8243; _builder_version=&#8221;4.18.1&#8243; _module_preset=&#8221;default&#8221; global_colors_info=&#8221;{}&#8221;][et_pb_blurb title=&#8221;zbli\u017cenie&#8221; use_icon=&#8221;on&#8221; font_icon=&#8221;&#xf5a0;||fa||900&#8243; _builder_version=&#8221;4.19.2&#8243; _module_preset=&#8221;default&#8221; text_orientation=&#8221;center&#8221; animation=&#8221;off&#8221; link_option_url=&#8221;\/pl\/zblizenie\/&#8221; hover_enabled=&#8221;0&#8243; global_colors_info=&#8221;{}&#8221; sticky_enabled=&#8221;0&#8243;][\/et_pb_blurb][\/et_pb_column][\/et_pb_row][\/et_pb_section]<\/p>\n","protected":false},"excerpt":{"rendered":"<p>&#8222;\u017bywy folwark&#8221; ukazuje \u017cycie codziennie folwarku z XIXw. Opr\u00f3cz r\u00f3\u017cnego rodzaju wystaw na go\u015bci czekaj\u0105 tematyczny plac zabaw, \u015bcie\u017cka Kneippa, oraz ogr\u00f3dek herbaciany. Odnowione stodo\u0142a i wybieg dla konie pe\u0142ni\u0105 funkcj\u0119 przestrzeni eventowej, w dawnej stajni znajduje si\u0119 sklep z pami\u0105tkami, a w kolejnym budynku jest bufet. W stajni dla koni i kucyk\u00f3w go\u015bcie mog\u0105 [&hellip;]<\/p>\n","protected":false},"author":2,"featured_media":0,"parent":0,"menu_order":0,"comment_status":"closed","ping_status":"closed","template":"","meta":{"_et_pb_use_builder":"on","_et_pb_old_content":"[et_pb_section fb_built=\"1\" admin_label=\"Services\" _builder_version=\"4.18.0\" _module_preset=\"default\" locked=\"off\" collapsed=\"off\" global_colors_info=\"{}\"][et_pb_row _builder_version=\"4.18.0\" _module_preset=\"default\" global_colors_info=\"{}\"][et_pb_column type=\"4_4\" _builder_version=\"4.18.0\" _module_preset=\"default\" global_colors_info=\"{}\"][et_pb_post_title meta=\"off\" featured_image=\"off\" _builder_version=\"4.18.1\" _module_preset=\"default\" hover_enabled=\"0\" global_colors_info=\"{}\" sticky_enabled=\"0\"][\/et_pb_post_title][et_pb_text _builder_version=\"4.18.1\" _module_preset=\"default\" hover_enabled=\"0\" sticky_enabled=\"0\"]<p>Az \u201e\u00e9l\u0151 major\u201d a 19. sz\u00e1zadi majors\u00e1gi \u00e9let mindennapjait mutatja be. Az interakt\u00edv ki\u00e1ll\u00edt\u00e1sok mellett egyed\u00fcl\u00e1ll\u00f3 tematikus j\u00e1tsz\u00f3t\u00e9r, Kneipp \u00f6sv\u00e9ny, te\u00e1z\u00f3kert v\u00e1rja a l\u00e1togat\u00f3kat. A Pajta \u00e9p\u00fclete, valamint a fel\u00faj\u00edtott lovasp\u00e1lya rendezv\u00e9nyt\u00e9rk\u00e9nt m\u0171k\u00f6dik, a M\u00e9nescs\u00e1rda \u00e9p\u00fclet\u00e9ben aj\u00e1nd\u00e9kbolt, az \u00d6regcs\u00e1rd\u00e1ban pedig b\u00fcf\u00e9 ker\u00fclt kialak\u00edt\u00e1sra. A L\u00f3ist\u00e1ll\u00f3 \u00e9s a P\u00f3niist\u00e1ll\u00f3 \u00e9p\u00fclet\u00e9ben lovakkal, valamint egy\u00e9b majors\u00e1gi \u00e1llatokkal tal\u00e1lkozhatnak az \u00e9rdekl\u0151d\u0151k. <\/p>[\/et_pb_text][\/et_pb_column][\/et_pb_row][et_pb_row column_structure=\"1_4,1_4,1_4,1_4\" _builder_version=\"4.18.1\" _module_preset=\"default\" global_colors_info=\"{}\"][et_pb_column type=\"1_4\" _builder_version=\"4.18.1\" _module_preset=\"default\" global_colors_info=\"{}\"][et_pb_blurb title=\"Ki\u00e1ll\u00edt\u00e1sok\" use_icon=\"on\" font_icon=\"\uf06e||fa||400\" _builder_version=\"4.18.1\" _module_preset=\"default\" text_orientation=\"center\" animation=\"off\" link_option_url=\"\/kiallitasok\" global_colors_info=\"{}\"][\/et_pb_blurb][\/et_pb_column][et_pb_column type=\"1_4\" _builder_version=\"4.18.1\" _module_preset=\"default\" global_colors_info=\"{}\"][et_pb_blurb title=\"Jegyek\" use_icon=\"on\" font_icon=\"\uf3ff||fa||900\" _builder_version=\"4.18.1\" _module_preset=\"default\" text_orientation=\"center\" animation=\"off\" link_option_url=\"\/jegyek\" global_colors_info=\"{}\"][\/et_pb_blurb][\/et_pb_column][et_pb_column type=\"1_4\" _builder_version=\"4.18.1\" _module_preset=\"default\" global_colors_info=\"{}\"][et_pb_blurb title=\"Nyitvatart\u00e1s\" use_icon=\"on\" font_icon=\"\uf3c1||fa||900\" _builder_version=\"4.18.1\" _module_preset=\"default\" text_orientation=\"center\" animation=\"off\" link_option_url=\"\/nyitvatartas\" global_colors_info=\"{}\"][\/et_pb_blurb][\/et_pb_column][et_pb_column type=\"1_4\" _builder_version=\"4.18.1\" _module_preset=\"default\" global_colors_info=\"{}\"][et_pb_blurb title=\"Megk\u00f6zel\u00edt\u00e9s\" use_icon=\"on\" font_icon=\"\uf5a0||fa||900\" _builder_version=\"4.18.1\" _module_preset=\"default\" text_orientation=\"center\" animation=\"off\" link_option_url=\"\/megkozelites\" global_colors_info=\"{}\"][\/et_pb_blurb][\/et_pb_column][\/et_pb_row][\/et_pb_section]","_et_gb_content_width":"","footnotes":""},"class_list":["post-1214","page","type-page","status-publish","hentry"],"_links":{"self":[{"href":"https:\/\/www.szantodpuszta.hu\/pl\/wp-json\/wp\/v2\/pages\/1214","targetHints":{"allow":["GET"]}}],"collection":[{"href":"https:\/\/www.szantodpuszta.hu\/pl\/wp-json\/wp\/v2\/pages"}],"about":[{"href":"https:\/\/www.szantodpuszta.hu\/pl\/wp-json\/wp\/v2\/types\/page"}],"author":[{"embeddable":true,"href":"https:\/\/www.szantodpuszta.hu\/pl\/wp-json\/wp\/v2\/users\/2"}],"replies":[{"embeddable":true,"href":"https:\/\/www.szantodpuszta.hu\/pl\/wp-json\/wp\/v2\/comments?post=1214"}],"version-history":[{"count":4,"href":"https:\/\/www.szantodpuszta.hu\/pl\/wp-json\/wp\/v2\/pages\/1214\/revisions"}],"predecessor-version":[{"id":1274,"href":"https:\/\/www.szantodpuszta.hu\/pl\/wp-json\/wp\/v2\/pages\/1214\/revisions\/1274"}],"wp:attachment":[{"href":"https:\/\/www.szantodpuszta.hu\/pl\/wp-json\/wp\/v2\/media?parent=1214"}],"curies":[{"name":"wp","href":"https:\/\/api.w.org\/{rel}","templated":true}]}}